{"id":1617,"date":"2026-04-06T17:01:29","date_gmt":"2026-04-06T20:01:29","guid":{"rendered":"https:\/\/apeltrys.com\/?page_id=1617"},"modified":"2026-04-06T17:04:01","modified_gmt":"2026-04-06T20:04:01","slug":"transacoes","status":"publish","type":"page","link":"https:\/\/apeltrys.com\/?page_id=1617","title":{"rendered":"Transa\u00e7\u00f5es"},"content":{"rendered":"\t\t<div data-elementor-type=\"wp-page\" data-elementor-id=\"1617\" class=\"elementor elementor-1617\">\n\t\t\t\t<div class=\"elementor-element elementor-element-16f7693 e-flex e-con-boxed e-con e-parent\" data-id=\"16f7693\" data-element_type=\"container\" data-e-type=\"container\">\n\t\t\t\t\t<div class=\"e-con-inner\">\n\t\t\t\t<div class=\"elementor-element elementor-element-ae12314 elementor-widget elementor-widget-heading\" data-id=\"ae12314\" data-element_type=\"widget\" data-e-type=\"widget\" data-widget_type=\"heading.default\">\n\t\t\t\t\t<h2 class=\"elementor-heading-title elementor-size-default\"><b>P\u00e1gina em constru\u00e7\u00e3o<\/b><\/h2>\t\t\t\t<\/div>\n\t\t\t\t\t<\/div>\n\t\t\t\t<\/div>\n\t\t\t\t<\/div>\n\t\t","protected":false},"excerpt":{"rendered":"<p>P\u00e1gina em constru\u00e7\u00e3o<\/p>\n","protected":false},"author":1,"featured_media":0,"parent":0,"menu_order":0,"comment_status":"closed","ping_status":"closed","template":"","meta":{"footnotes":""},"class_list":["post-1617","page","type-page","status-publish","hentry"],"blocksy_meta":[],"yoast_head":"<!-- This site is optimized with the Yoast SEO plugin v26.9 - https:\/\/yoast.com\/product\/yoast-seo-wordpress\/ -->\n<title>Transa\u00e7\u00f5es - Apeltrys Advisors<\/title>\n<meta name=\"robots\" content=\"index, follow, max-snippet:-1, max-image-preview:large, max-video-preview:-1\" \/>\n<link rel=\"canonical\" href=\"https:\/\/apeltrys.com\/?page_id=1617\" \/>\n<meta property=\"og:locale\" content=\"pt_BR\" \/>\n<meta property=\"og:type\" content=\"article\" \/>\n<meta property=\"og:title\" content=\"Transa\u00e7\u00f5es - Apeltrys Advisors\" \/>\n<meta property=\"og:description\" content=\"P\u00e1gina em constru\u00e7\u00e3o\" \/>\n<meta property=\"og:url\" content=\"https:\/\/apeltrys.com\/?page_id=1617\" \/>\n<meta property=\"og:site_name\" content=\"Apeltrys Advisors\" \/>\n<meta property=\"article:modified_time\" content=\"2026-04-06T20:04:01+00:00\" \/>\n<meta name=\"twitter:card\" content=\"summary_large_image\" \/>\n<meta name=\"twitter:label1\" content=\"Est. tempo de leitura\" \/>\n\t<meta name=\"twitter:data1\" content=\"1 minuto\" \/>\n<script type=\"application\/ld+json\" class=\"yoast-schema-graph\">{\"@context\":\"https:\/\/schema.org\",\"@graph\":[{\"@type\":\"WebPage\",\"@id\":\"https:\/\/apeltrys.com\/?page_id=1617\",\"url\":\"https:\/\/apeltrys.com\/?page_id=1617\",\"name\":\"Transa\u00e7\u00f5es - Apeltrys Advisors\",\"isPartOf\":{\"@id\":\"https:\/\/apeltrys.com\/#website\"},\"datePublished\":\"2026-04-06T20:01:29+00:00\",\"dateModified\":\"2026-04-06T20:04:01+00:00\",\"breadcrumb\":{\"@id\":\"https:\/\/apeltrys.com\/?page_id=1617#breadcrumb\"},\"inLanguage\":\"pt-BR\",\"potentialAction\":[{\"@type\":\"ReadAction\",\"target\":[\"https:\/\/apeltrys.com\/?page_id=1617\"]}]},{\"@type\":\"BreadcrumbList\",\"@id\":\"https:\/\/apeltrys.com\/?page_id=1617#breadcrumb\",\"itemListElement\":[{\"@type\":\"ListItem\",\"position\":1,\"name\":\"In\u00edcio\",\"item\":\"https:\/\/apeltrys.com\/\"},{\"@type\":\"ListItem\",\"position\":2,\"name\":\"Transa\u00e7\u00f5es\"}]},{\"@type\":\"WebSite\",\"@id\":\"https:\/\/apeltrys.com\/#website\",\"url\":\"https:\/\/apeltrys.com\/\",\"name\":\"Apeltrys Advisors\",\"description\":\"Independent Financial Advisory Firm\",\"publisher\":{\"@id\":\"https:\/\/apeltrys.com\/#organization\"},\"potentialAction\":[{\"@type\":\"SearchAction\",\"target\":{\"@type\":\"EntryPoint\",\"urlTemplate\":\"https:\/\/apeltrys.com\/?s={search_term_string}\"},\"query-input\":{\"@type\":\"PropertyValueSpecification\",\"valueRequired\":true,\"valueName\":\"search_term_string\"}}],\"inLanguage\":\"pt-BR\"},{\"@type\":\"Organization\",\"@id\":\"https:\/\/apeltrys.com\/#organization\",\"name\":\"Apeltrys Advisors\",\"url\":\"https:\/\/apeltrys.com\/\",\"logo\":{\"@type\":\"ImageObject\",\"inLanguage\":\"pt-BR\",\"@id\":\"https:\/\/apeltrys.com\/#\/schema\/logo\/image\/\",\"url\":\"https:\/\/i0.wp.com\/apeltrys.com\/wp-content\/uploads\/2020\/06\/Texto-do-seu-paragrafo-1.png?fit=350%2C100&ssl=1\",\"contentUrl\":\"https:\/\/i0.wp.com\/apeltrys.com\/wp-content\/uploads\/2020\/06\/Texto-do-seu-paragrafo-1.png?fit=350%2C100&ssl=1\",\"width\":350,\"height\":100,\"caption\":\"Apeltrys Advisors\"},\"image\":{\"@id\":\"https:\/\/apeltrys.com\/#\/schema\/logo\/image\/\"}}]}<\/script>\n<!-- \/ Yoast SEO plugin. -->","yoast_head_json":{"title":"Transa\u00e7\u00f5es - Apeltrys Advisors","robots":{"index":"index","follow":"follow","max-snippet":"max-snippet:-1","max-image-preview":"max-image-preview:large","max-video-preview":"max-video-preview:-1"},"canonical":"https:\/\/apeltrys.com\/?page_id=1617","og_locale":"pt_BR","og_type":"article","og_title":"Transa\u00e7\u00f5es - Apeltrys Advisors","og_description":"P\u00e1gina em constru\u00e7\u00e3o","og_url":"https:\/\/apeltrys.com\/?page_id=1617","og_site_name":"Apeltrys Advisors","article_modified_time":"2026-04-06T20:04:01+00:00","twitter_card":"summary_large_image","twitter_misc":{"Est. tempo de leitura":"1 minuto"},"schema":{"@context":"https:\/\/schema.org","@graph":[{"@type":"WebPage","@id":"https:\/\/apeltrys.com\/?page_id=1617","url":"https:\/\/apeltrys.com\/?page_id=1617","name":"Transa\u00e7\u00f5es - Apeltrys Advisors","isPartOf":{"@id":"https:\/\/apeltrys.com\/#website"},"datePublished":"2026-04-06T20:01:29+00:00","dateModified":"2026-04-06T20:04:01+00:00","breadcrumb":{"@id":"https:\/\/apeltrys.com\/?page_id=1617#breadcrumb"},"inLanguage":"pt-BR","potentialAction":[{"@type":"ReadAction","target":["https:\/\/apeltrys.com\/?page_id=1617"]}]},{"@type":"BreadcrumbList","@id":"https:\/\/apeltrys.com\/?page_id=1617#breadcrumb","itemListElement":[{"@type":"ListItem","position":1,"name":"In\u00edcio","item":"https:\/\/apeltrys.com\/"},{"@type":"ListItem","position":2,"name":"Transa\u00e7\u00f5es"}]},{"@type":"WebSite","@id":"https:\/\/apeltrys.com\/#website","url":"https:\/\/apeltrys.com\/","name":"Apeltrys Advisors","description":"Independent Financial Advisory Firm","publisher":{"@id":"https:\/\/apeltrys.com\/#organization"},"potentialAction":[{"@type":"SearchAction","target":{"@type":"EntryPoint","urlTemplate":"https:\/\/apeltrys.com\/?s={search_term_string}"},"query-input":{"@type":"PropertyValueSpecification","valueRequired":true,"valueName":"search_term_string"}}],"inLanguage":"pt-BR"},{"@type":"Organization","@id":"https:\/\/apeltrys.com\/#organization","name":"Apeltrys Advisors","url":"https:\/\/apeltrys.com\/","logo":{"@type":"ImageObject","inLanguage":"pt-BR","@id":"https:\/\/apeltrys.com\/#\/schema\/logo\/image\/","url":"https:\/\/i0.wp.com\/apeltrys.com\/wp-content\/uploads\/2020\/06\/Texto-do-seu-paragrafo-1.png?fit=350%2C100&ssl=1","contentUrl":"https:\/\/i0.wp.com\/apeltrys.com\/wp-content\/uploads\/2020\/06\/Texto-do-seu-paragrafo-1.png?fit=350%2C100&ssl=1","width":350,"height":100,"caption":"Apeltrys Advisors"},"image":{"@id":"https:\/\/apeltrys.com\/#\/schema\/logo\/image\/"}}]}},"jetpack_sharing_enabled":true,"_links":{"self":[{"href":"https:\/\/apeltrys.com\/index.php?rest_route=\/wp\/v2\/pages\/1617","targetHints":{"allow":["GET"]}}],"collection":[{"href":"https:\/\/apeltrys.com\/index.php?rest_route=\/wp\/v2\/pages"}],"about":[{"href":"https:\/\/apeltrys.com\/index.php?rest_route=\/wp\/v2\/types\/page"}],"author":[{"embeddable":true,"href":"https:\/\/apeltrys.com\/index.php?rest_route=\/wp\/v2\/users\/1"}],"replies":[{"embeddable":true,"href":"https:\/\/apeltrys.com\/index.php?rest_route=%2Fwp%2Fv2%2Fcomments&post=1617"}],"version-history":[{"count":8,"href":"https:\/\/apeltrys.com\/index.php?rest_route=\/wp\/v2\/pages\/1617\/revisions"}],"predecessor-version":[{"id":1632,"href":"https:\/\/apeltrys.com\/index.php?rest_route=\/wp\/v2\/pages\/1617\/revisions\/1632"}],"wp:attachment":[{"href":"https:\/\/apeltrys.com\/index.php?rest_route=%2Fwp%2Fv2%2Fmedia&parent=1617"}],"curies":[{"name":"wp","href":"https:\/\/api.w.org\/{rel}","templated":true}]}}