{"id":1347,"date":"2022-06-29T07:03:37","date_gmt":"2022-06-29T07:03:37","guid":{"rendered":"https:\/\/startersites.io\/elementor\/web-agency\/?page_id=1347"},"modified":"2026-04-06T16:17:15","modified_gmt":"2026-04-06T19:17:15","slug":"services","status":"publish","type":"page","link":"https:\/\/apeltrys.com\/?page_id=1347","title":{"rendered":"Nossa Expertise"},"content":{"rendered":"\t\t<div data-elementor-type=\"wp-page\" data-elementor-id=\"1347\" class=\"elementor elementor-1347\">\n\t\t\t\t<div class=\"elementor-element elementor-element-24d3a25 e-con-full e-flex e-con e-parent\" data-id=\"24d3a25\" data-element_type=\"container\" data-e-type=\"container\">\n\t\t<div class=\"elementor-element elementor-element-79ee1ff e-con-full e-flex e-con e-child\" data-id=\"79ee1ff\" data-element_type=\"container\" data-e-type=\"container\" data-settings=\"{&quot;background_background&quot;:&quot;classic&quot;,&quot;shape_divider_top&quot;:&quot;mountains&quot;}\">\n\t\t\t\t<div class=\"elementor-shape elementor-shape-top\" aria-hidden=\"true\" data-negative=\"false\">\n\t\t\t<svg xmlns=\"http:\/\/www.w3.org\/2000\/svg\" viewBox=\"0 0 1000 100\" preserveAspectRatio=\"none\">\n\t<path class=\"elementor-shape-fill\" opacity=\"0.33\" d=\"M473,67.3c-203.9,88.3-263.1-34-320.3,0C66,119.1,0,59.7,0,59.7V0h1000v59.7 c0,0-62.1,26.1-94.9,29.3c-32.8,3.3-62.8-12.3-75.8-22.1C806,49.6,745.3,8.7,694.9,4.7S492.4,59,473,67.3z\"\/>\n\t<path class=\"elementor-shape-fill\" opacity=\"0.66\" d=\"M734,67.3c-45.5,0-77.2-23.2-129.1-39.1c-28.6-8.7-150.3-10.1-254,39.1 s-91.7-34.4-149.2,0C115.7,118.3,0,39.8,0,39.8V0h1000v36.5c0,0-28.2-18.5-92.1-18.5C810.2,18.1,775.7,67.3,734,67.3z\"\/>\n\t<path class=\"elementor-shape-fill\" d=\"M766.1,28.9c-200-57.5-266,65.5-395.1,19.5C242,1.8,242,5.4,184.8,20.6C128,35.8,132.3,44.9,89.9,52.5C28.6,63.7,0,0,0,0 h1000c0,0-9.9,40.9-83.6,48.1S829.6,47,766.1,28.9z\"\/>\n<\/svg>\t\t<\/div>\n\t\t<div class=\"elementor-element elementor-element-1becb30 e-flex e-con-boxed e-con e-child\" data-id=\"1becb30\" data-element_type=\"container\" data-e-type=\"container\">\n\t\t\t\t\t<div class=\"e-con-inner\">\n\t\t\t\t<div class=\"elementor-element elementor-element-9ba116b elementor-widget elementor-widget-shortcode\" data-id=\"9ba116b\" data-element_type=\"widget\" data-e-type=\"widget\" data-widget_type=\"shortcode.default\">\n\t\t\t\t\t\t\t<div class=\"elementor-shortcode\"><\/div>\n\t\t\t\t\t\t<\/div>\n\t\t\t\t<div class=\"elementor-element elementor-element-2b6325b elementor-widget__width-initial elementor-widget-tablet__width-inherit elementor-widget elementor-widget-heading\" data-id=\"2b6325b\" data-element_type=\"widget\" data-e-type=\"widget\" data-widget_type=\"heading.default\">\n\t\t\t\t\t<h2 class=\"elementor-heading-title elementor-size-default\"><i><b>Nenhum desafio \u00e9 grande demais para<\/b><\/i><b> <\/b>Apeltrys.<\/h2>\t\t\t\t<\/div>\n\t\t\t\t\t<\/div>\n\t\t\t\t<\/div>\n\t\t\t\t<\/div>\n\t\t\t\t<\/div>\n\t\t<div class=\"elementor-element elementor-element-5a5e91d e-flex e-con-boxed e-con e-parent\" data-id=\"5a5e91d\" data-element_type=\"container\" data-e-type=\"container\">\n\t\t\t\t\t<div class=\"e-con-inner\">\n\t\t<div class=\"elementor-element elementor-element-ec59741 e-con-full e-flex e-con e-child\" data-id=\"ec59741\" data-element_type=\"container\" data-e-type=\"container\">\n\t\t\t\t<div class=\"elementor-element elementor-element-d8c32cb elementor-widget elementor-widget-icon-box\" data-id=\"d8c32cb\" data-element_type=\"widget\" data-e-type=\"widget\" data-widget_type=\"icon-box.default\">\n\t\t\t\t\t\t\t<div class=\"elementor-icon-box-wrapper\">\n\n\t\t\t\n\t\t\t\t\t\t<div class=\"elementor-icon-box-content\">\n\n\t\t\t\t\t\t\t\t\t<h3 class=\"elementor-icon-box-title\">\n\t\t\t\t\t\t<span  >\n\t\t\t\t\t\t\tFus\u00f5es e Aquisi\u00e7\u00f5es\t\t\t\t\t\t<\/span>\n\t\t\t\t\t<\/h3>\n\t\t\t\t\n\t\t\t\t\t\t\t\t\t<p class=\"elementor-icon-box-description\">\n\t\t\t\t\t\tAssessoria na venda de empresas (<i>sell-side<\/i>)<br>\nAssessoria na compra de empresas (<i>buy-side<\/i>)<br>Desinvestimentos e <i>carve-outs<\/i><br>\nCapital para crescimento (<i>growth equity<\/i>)<br>\nOpera\u00e7\u00f5es internacionais<br>\t\t\t\t\t<\/p>\n\t\t\t\t\n\t\t\t<\/div>\n\t\t\t\n\t\t<\/div>\n\t\t\t\t\t\t<\/div>\n\t\t\t\t<\/div>\n\t\t<div class=\"elementor-element elementor-element-08df6f1 e-con-full e-flex e-con e-child\" data-id=\"08df6f1\" data-element_type=\"container\" data-e-type=\"container\">\n\t\t\t\t<div class=\"elementor-element elementor-element-1c56a0e elementor-widget elementor-widget-icon-box\" data-id=\"1c56a0e\" data-element_type=\"widget\" data-e-type=\"widget\" data-widget_type=\"icon-box.default\">\n\t\t\t\t\t\t\t<div class=\"elementor-icon-box-wrapper\">\n\n\t\t\t\n\t\t\t\t\t\t<div class=\"elementor-icon-box-content\">\n\n\t\t\t\t\t\t\t\t\t<h3 class=\"elementor-icon-box-title\">\n\t\t\t\t\t\t<span  >\n\t\t\t\t\t\t\tEstrat\u00e9gia Corporativa\t\t\t\t\t\t<\/span>\n\t\t\t\t\t<\/h3>\n\t\t\t\t\n\t\t\t\t\t\t\t\t\t<p class=\"elementor-icon-box-description\">\n\t\t\t\t\t\tMapeamento de mercado<br>\nEstrat\u00e9gia de M&amp;A<br>\nEstrat\u00e9gia de <i>Go-To-Market<\/i> Comercial<Br>\n<i>Business Plan<\/i> e <i>Valuation<\/i><br>\nPrepara\u00e7\u00e3o de Ativos para Venda<br>\t\t\t\t\t<\/p>\n\t\t\t\t\n\t\t\t<\/div>\n\t\t\t\n\t\t<\/div>\n\t\t\t\t\t\t<\/div>\n\t\t\t\t<\/div>\n\t\t<div class=\"elementor-element elementor-element-627ba3a e-con-full e-flex e-con e-child\" data-id=\"627ba3a\" data-element_type=\"container\" data-e-type=\"container\">\n\t\t\t\t<div class=\"elementor-element elementor-element-38a3811 elementor-widget elementor-widget-icon-box\" data-id=\"38a3811\" data-element_type=\"widget\" data-e-type=\"widget\" data-widget_type=\"icon-box.default\">\n\t\t\t\t\t\t\t<div class=\"elementor-icon-box-wrapper\">\n\n\t\t\t\n\t\t\t\t\t\t<div class=\"elementor-icon-box-content\">\n\n\t\t\t\t\t\t\t\t\t<h3 class=\"elementor-icon-box-title\">\n\t\t\t\t\t\t<span  >\n\t\t\t\t\t\t\tCapital Solutions\t\t\t\t\t\t<\/span>\n\t\t\t\t\t<\/h3>\n\t\t\t\t\n\t\t\t\t\t\t\t\t\t<p class=\"elementor-icon-box-description\">\n\t\t\t\t\t\tDIP Finance \/ Exit Financing<br>\nDebt-to-Equity \/ Bridge-to-Equity<br>\nD\u00edvida estruturada e sindicalizada<br>\nFinanciamento de aquisi\u00e7\u00f5es<br>\nVenda de UPIs judiciais<br>\t\t\t\t\t<\/p>\n\t\t\t\t\n\t\t\t<\/div>\n\t\t\t\n\t\t<\/div>\n\t\t\t\t\t\t<\/div>\n\t\t\t\t<\/div>\n\t\t<div class=\"elementor-element elementor-element-5cfa1a0 e-con-full e-flex e-con e-child\" data-id=\"5cfa1a0\" data-element_type=\"container\" data-e-type=\"container\">\n\t\t\t\t<div class=\"elementor-element elementor-element-b6cca83 elementor-widget elementor-widget-icon-box\" data-id=\"b6cca83\" data-element_type=\"widget\" data-e-type=\"widget\" data-widget_type=\"icon-box.default\">\n\t\t\t\t\t\t\t<div class=\"elementor-icon-box-wrapper\">\n\n\t\t\t\n\t\t\t\t\t\t<div class=\"elementor-icon-box-content\">\n\n\t\t\t\t\t\t\t\t\t<h3 class=\"elementor-icon-box-title\">\n\t\t\t\t\t\t<span  >\n\t\t\t\t\t\t\tCapta\u00e7\u00e3o de Recursos\t\t\t\t\t\t<\/span>\n\t\t\t\t\t<\/h3>\n\t\t\t\t\n\t\t\t\t\t\t\t\t\t<p class=\"elementor-icon-box-description\">\n\t\t\t\t\t\tCapta\u00e7\u00e3o em Venture Capital<br>\nCapta\u00e7\u00e3o em Venture Debt<br>\nEstrutura\u00e7\u00e3o de Rodadas Seed a Series A+<br>\nReestrutura\u00e7\u00e3o de Captable <br>\nTransa\u00e7\u00f5es Secund\u00e1rias<br>\t\t\t\t\t<\/p>\n\t\t\t\t\n\t\t\t<\/div>\n\t\t\t\n\t\t<\/div>\n\t\t\t\t\t\t<\/div>\n\t\t\t\t<\/div>\n\t\t\t\t\t<\/div>\n\t\t\t\t<\/div>\n\t\t\t\t<\/div>\n\t\t","protected":false},"excerpt":{"rendered":"<p>Nenhum desafio \u00e9 grande demais para Apeltrys. Fus\u00f5es e Aquisi\u00e7\u00f5es Assessoria na venda de empresas (sell-side) Assessoria na compra de empresas (buy-side)Desinvestimentos e carve-outs Capital para crescimento (growth equity) Opera\u00e7\u00f5es internacionais Estrat\u00e9gia Corporativa Mapeamento de mercado Estrat\u00e9gia de M&amp;A Estrat\u00e9gia de Go-To-Market Comercial Business Plan e Valuation Prepara\u00e7\u00e3o de Ativos para Venda Capital Solutions DIP [&hellip;]<\/p>\n","protected":false},"author":1,"featured_media":0,"parent":0,"menu_order":0,"comment_status":"closed","ping_status":"closed","template":"","meta":{"footnotes":""},"class_list":["post-1347","page","type-page","status-publish","hentry"],"blocksy_meta":{"page_title_panel":"","has_hero_section":"disabled","97ee15f25a4197e406aa66b5a6e1cc4a":"","hero_section":"type-1","hero_elements":[{"id":"custom_title","enabled":true,"heading_tag":"h1","title":"Home"},{"id":"custom_description","enabled":true,"description_visibility":{"desktop":true,"tablet":true,"mobile":false}},{"id":"custom_meta","enabled":false,"meta_elements":[{"id":"author","enabled":true,"label":"By","has_author_avatar":"yes","avatar_size":25},{"id":"post_date","enabled":true,"label":"On","date_format_source":"default","date_format":"M j, Y"},{"id":"updated_date","enabled":false,"label":"On","date_format_source":"default","date_format":"M j, Y"},{"id":"categories","enabled":false,"label":"In","style":"simple"},{"id":"comments","enabled":true}],"page_meta_elements":{"joined":true,"articles_count":true,"comments":true}},{"id":"breadcrumbs","enabled":false}],"e383a482344f65eacb9516af82d8ed80":"","hero_alignment1":"CT_CSS_SKIP_RULE","hero_margin":40,"hero_alignment2":"center","hero_vertical_alignment":"center","aa7b568f8a77bfd0b9648c22ccb00685":"","hero_structure":"narrow","b4ba0b41affd6111d96beeceb6f9817f":"","page_title_bg_type":"featured_image","custom_hero_background":{"attachment_id":null},"page_title_image_size":"full","parallax":{"desktop":false,"tablet":false,"mobile":false},"14d5fc5fd9b9278b692d6150f1075e8a":"","hero_height":"250px","pageTitleFont":{"family":"Default","variation":"Default","size":"30px","line-height":"CT_CSS_SKIP_RULE","letter-spacing":"CT_CSS_SKIP_RULE","text-transform":"CT_CSS_SKIP_RULE","text-decoration":"CT_CSS_SKIP_RULE"},"pageTitleFontColor":{"default":{"color":"CT_CSS_SKIP_RULEDEFAULT"}},"pageMetaFont":{"family":"Default","variation":"n6","size":"12px","line-height":"1.3","letter-spacing":"CT_CSS_SKIP_RULE","text-transform":"uppercase","text-decoration":"CT_CSS_SKIP_RULE"},"pageMetaFontColor":{"default":{"color":"CT_CSS_SKIP_RULEDEFAULT"},"hover":{"color":"CT_CSS_SKIP_RULEDEFAULT"}},"page_meta_button_type_font_colors":{"default":{"color":"CT_CSS_SKIP_RULEDEFAULT"},"hover":{"color":"CT_CSS_SKIP_RULEDEFAULT"}},"page_meta_button_type_background_colors":{"default":{"color":"CT_CSS_SKIP_RULEDEFAULT"},"hover":{"color":"CT_CSS_SKIP_RULEDEFAULT"}},"pageExcerptFont":{"family":"Default","variation":"Default","size":"CT_CSS_SKIP_RULE","line-height":"CT_CSS_SKIP_RULE","letter-spacing":"CT_CSS_SKIP_RULE","text-transform":"CT_CSS_SKIP_RULE","text-decoration":"CT_CSS_SKIP_RULE"},"pageExcerptColor":{"default":{"color":"CT_CSS_SKIP_RULEDEFAULT"}},"breadcrumbsFont":{"family":"Default","variation":"Default","size":"CT_CSS_SKIP_RULE","line-height":"CT_CSS_SKIP_RULE","letter-spacing":"CT_CSS_SKIP_RULE","text-transform":"CT_CSS_SKIP_RULE","text-decoration":"CT_CSS_SKIP_RULE"},"breadcrumbsFontColor":{"default":{"color":"CT_CSS_SKIP_RULEDEFAULT"},"initial":{"color":"CT_CSS_SKIP_RULEDEFAULT"},"hover":{"color":"CT_CSS_SKIP_RULEDEFAULT"}},"pageTitleOverlay":{"background_type":"color","background_pattern":"type-1","background_image":{"attachment_id":null,"x":0,"y":0},"gradient":"linear-gradient(135deg,rgba(6,147,227,1) 0%,rgb(155,81,224) 100%)","background_repeat":"repeat","background_size":"auto","background_attachment":"scroll","patternColor":{"default":{"color":"#e5e7ea"}},"overlayColor":{"default":{"color":"CT_CSS_SKIP_RULE"}},"backgroundColor":{"default":{"color":"CT_CSS_SKIP_RULE"}}},"pageTitleBackground":{"background_type":"color","background_pattern":"type-1","background_image":{"attachment_id":null,"x":0,"y":0},"gradient":"linear-gradient(135deg,rgba(6,147,227,1) 0%,rgb(155,81,224) 100%)","background_repeat":"repeat","background_size":"auto","background_attachment":"scroll","patternColor":{"default":{"color":"#e5e7ea"}},"overlayColor":{"default":{"color":"CT_CSS_SKIP_RULE"}},"backgroundColor":{"default":{"color":"var(--theme-palette-color-6)"}}},"pageTitlePadding":{"top":"50px","bottom":"50px","left":"auto","right":"auto","linked":true},"202f0cbc398d714e048b39197ae71e6d":"","page_structure_type":"default","854bd40f7f8b4d7a95aa3e0f49708ea4":"","content_style_source":"inherit","content_style":"wide","vertical_spacing_source":"custom","content_area_spacing":"none","background":{"background_type":"color","background_pattern":"type-1","background_image":{"attachment_id":null,"x":0,"y":0},"gradient":"linear-gradient(135deg,rgba(6,147,227,1) 0%,rgb(155,81,224) 100%)","background_repeat":"repeat","background_size":"auto","background_attachment":"scroll","patternColor":{"default":{"color":"#e5e7ea"}},"overlayColor":{"default":{"color":"CT_CSS_SKIP_RULE"}},"backgroundColor":{"default":{"color":"CT_CSS_SKIP_RULE"}}},"content_background":{"background_type":"color","background_pattern":"type-1","background_image":{"attachment_id":null,"x":0,"y":0},"gradient":"linear-gradient(135deg,rgba(6,147,227,1) 0%,rgb(155,81,224) 100%)","background_repeat":"repeat","background_size":"auto","background_attachment":"scroll","patternColor":{"default":{"color":"#e5e7ea"}},"overlayColor":{"default":{"color":"CT_CSS_SKIP_RULE"}},"backgroundColor":{"default":{"color":"var(--theme-palette-color-8)"}}},"content_boxed_shadow":{"inherit":false,"blur":18,"spread":-6,"v_offset":12,"h_offset":0,"inset":false,"enable":true,"color":{"color":"rgba(34, 56, 101, 0.04)"}},"content_boxed_border":{"width":1,"style":"none","color":{"color":"rgba(44,62,80,0.2)"}},"content_boxed_radius":{"top":"3px","bottom":"3px","left":"3px","right":"3px","linked":true},"boxed_content_spacing":{"desktop":{"top":"40px","bottom":"40px","left":"40px","right":"40px","linked":true},"tablet":{"top":"35px","bottom":"35px","left":"35px","right":"35px","linked":true},"mobile":{"top":"20px","bottom":"20px","left":"20px","right":"20px","linked":true}},"b0da049bbc9a67cf3a03559f10c8de95":"","disable_featured_image":"no","disable_share_box":"no","disable_header":"no","disable_footer":"no","styles_descriptor":{"styles":{"desktop":"","tablet":"","mobile":""},"google_fonts":[],"version":6}},"yoast_head":"<!-- This site is optimized with the Yoast SEO plugin v26.9 - https:\/\/yoast.com\/product\/yoast-seo-wordpress\/ -->\n<title>Nossa Expertise - Apeltrys Advisors<\/title>\n<meta name=\"robots\" content=\"index, follow, max-snippet:-1, max-image-preview:large, max-video-preview:-1\" \/>\n<link rel=\"canonical\" href=\"https:\/\/apeltrys.com\/?page_id=1347\" \/>\n<meta property=\"og:locale\" content=\"pt_BR\" \/>\n<meta property=\"og:type\" content=\"article\" \/>\n<meta property=\"og:title\" content=\"Nossa Expertise - Apeltrys Advisors\" \/>\n<meta property=\"og:description\" content=\"Nenhum desafio \u00e9 grande demais para Apeltrys. Fus\u00f5es e Aquisi\u00e7\u00f5es Assessoria na venda de empresas (sell-side) Assessoria na compra de empresas (buy-side)Desinvestimentos e carve-outs Capital para crescimento (growth equity) Opera\u00e7\u00f5es internacionais Estrat\u00e9gia Corporativa Mapeamento de mercado Estrat\u00e9gia de M&amp;A Estrat\u00e9gia de Go-To-Market Comercial Business Plan e Valuation Prepara\u00e7\u00e3o de Ativos para Venda Capital Solutions DIP [&hellip;]\" \/>\n<meta property=\"og:url\" content=\"https:\/\/apeltrys.com\/?page_id=1347\" \/>\n<meta property=\"og:site_name\" content=\"Apeltrys Advisors\" \/>\n<meta property=\"article:modified_time\" content=\"2026-04-06T19:17:15+00:00\" \/>\n<meta name=\"twitter:card\" content=\"summary_large_image\" \/>\n<meta name=\"twitter:label1\" content=\"Est. tempo de leitura\" \/>\n\t<meta name=\"twitter:data1\" content=\"1 minuto\" \/>\n<script type=\"application\/ld+json\" class=\"yoast-schema-graph\">{\"@context\":\"https:\/\/schema.org\",\"@graph\":[{\"@type\":\"WebPage\",\"@id\":\"https:\/\/apeltrys.com\/?page_id=1347\",\"url\":\"https:\/\/apeltrys.com\/?page_id=1347\",\"name\":\"Nossa Expertise - Apeltrys Advisors\",\"isPartOf\":{\"@id\":\"https:\/\/apeltrys.com\/#website\"},\"datePublished\":\"2022-06-29T07:03:37+00:00\",\"dateModified\":\"2026-04-06T19:17:15+00:00\",\"breadcrumb\":{\"@id\":\"https:\/\/apeltrys.com\/?page_id=1347#breadcrumb\"},\"inLanguage\":\"pt-BR\",\"potentialAction\":[{\"@type\":\"ReadAction\",\"target\":[\"https:\/\/apeltrys.com\/?page_id=1347\"]}]},{\"@type\":\"BreadcrumbList\",\"@id\":\"https:\/\/apeltrys.com\/?page_id=1347#breadcrumb\",\"itemListElement\":[{\"@type\":\"ListItem\",\"position\":1,\"name\":\"In\u00edcio\",\"item\":\"https:\/\/apeltrys.com\/\"},{\"@type\":\"ListItem\",\"position\":2,\"name\":\"Nossa Expertise\"}]},{\"@type\":\"WebSite\",\"@id\":\"https:\/\/apeltrys.com\/#website\",\"url\":\"https:\/\/apeltrys.com\/\",\"name\":\"Apeltrys Advisors\",\"description\":\"Independent Financial Advisory Firm\",\"publisher\":{\"@id\":\"https:\/\/apeltrys.com\/#organization\"},\"potentialAction\":[{\"@type\":\"SearchAction\",\"target\":{\"@type\":\"EntryPoint\",\"urlTemplate\":\"https:\/\/apeltrys.com\/?s={search_term_string}\"},\"query-input\":{\"@type\":\"PropertyValueSpecification\",\"valueRequired\":true,\"valueName\":\"search_term_string\"}}],\"inLanguage\":\"pt-BR\"},{\"@type\":\"Organization\",\"@id\":\"https:\/\/apeltrys.com\/#organization\",\"name\":\"Apeltrys Advisors\",\"url\":\"https:\/\/apeltrys.com\/\",\"logo\":{\"@type\":\"ImageObject\",\"inLanguage\":\"pt-BR\",\"@id\":\"https:\/\/apeltrys.com\/#\/schema\/logo\/image\/\",\"url\":\"https:\/\/i0.wp.com\/apeltrys.com\/wp-content\/uploads\/2020\/06\/Texto-do-seu-paragrafo-1.png?fit=350%2C100&ssl=1\",\"contentUrl\":\"https:\/\/i0.wp.com\/apeltrys.com\/wp-content\/uploads\/2020\/06\/Texto-do-seu-paragrafo-1.png?fit=350%2C100&ssl=1\",\"width\":350,\"height\":100,\"caption\":\"Apeltrys Advisors\"},\"image\":{\"@id\":\"https:\/\/apeltrys.com\/#\/schema\/logo\/image\/\"}}]}<\/script>\n<!-- \/ Yoast SEO plugin. -->","yoast_head_json":{"title":"Nossa Expertise - Apeltrys Advisors","robots":{"index":"index","follow":"follow","max-snippet":"max-snippet:-1","max-image-preview":"max-image-preview:large","max-video-preview":"max-video-preview:-1"},"canonical":"https:\/\/apeltrys.com\/?page_id=1347","og_locale":"pt_BR","og_type":"article","og_title":"Nossa Expertise - Apeltrys Advisors","og_description":"Nenhum desafio \u00e9 grande demais para Apeltrys. Fus\u00f5es e Aquisi\u00e7\u00f5es Assessoria na venda de empresas (sell-side) Assessoria na compra de empresas (buy-side)Desinvestimentos e carve-outs Capital para crescimento (growth equity) Opera\u00e7\u00f5es internacionais Estrat\u00e9gia Corporativa Mapeamento de mercado Estrat\u00e9gia de M&amp;A Estrat\u00e9gia de Go-To-Market Comercial Business Plan e Valuation Prepara\u00e7\u00e3o de Ativos para Venda Capital Solutions DIP [&hellip;]","og_url":"https:\/\/apeltrys.com\/?page_id=1347","og_site_name":"Apeltrys Advisors","article_modified_time":"2026-04-06T19:17:15+00:00","twitter_card":"summary_large_image","twitter_misc":{"Est. tempo de leitura":"1 minuto"},"schema":{"@context":"https:\/\/schema.org","@graph":[{"@type":"WebPage","@id":"https:\/\/apeltrys.com\/?page_id=1347","url":"https:\/\/apeltrys.com\/?page_id=1347","name":"Nossa Expertise - Apeltrys Advisors","isPartOf":{"@id":"https:\/\/apeltrys.com\/#website"},"datePublished":"2022-06-29T07:03:37+00:00","dateModified":"2026-04-06T19:17:15+00:00","breadcrumb":{"@id":"https:\/\/apeltrys.com\/?page_id=1347#breadcrumb"},"inLanguage":"pt-BR","potentialAction":[{"@type":"ReadAction","target":["https:\/\/apeltrys.com\/?page_id=1347"]}]},{"@type":"BreadcrumbList","@id":"https:\/\/apeltrys.com\/?page_id=1347#breadcrumb","itemListElement":[{"@type":"ListItem","position":1,"name":"In\u00edcio","item":"https:\/\/apeltrys.com\/"},{"@type":"ListItem","position":2,"name":"Nossa Expertise"}]},{"@type":"WebSite","@id":"https:\/\/apeltrys.com\/#website","url":"https:\/\/apeltrys.com\/","name":"Apeltrys Advisors","description":"Independent Financial Advisory Firm","publisher":{"@id":"https:\/\/apeltrys.com\/#organization"},"potentialAction":[{"@type":"SearchAction","target":{"@type":"EntryPoint","urlTemplate":"https:\/\/apeltrys.com\/?s={search_term_string}"},"query-input":{"@type":"PropertyValueSpecification","valueRequired":true,"valueName":"search_term_string"}}],"inLanguage":"pt-BR"},{"@type":"Organization","@id":"https:\/\/apeltrys.com\/#organization","name":"Apeltrys Advisors","url":"https:\/\/apeltrys.com\/","logo":{"@type":"ImageObject","inLanguage":"pt-BR","@id":"https:\/\/apeltrys.com\/#\/schema\/logo\/image\/","url":"https:\/\/i0.wp.com\/apeltrys.com\/wp-content\/uploads\/2020\/06\/Texto-do-seu-paragrafo-1.png?fit=350%2C100&ssl=1","contentUrl":"https:\/\/i0.wp.com\/apeltrys.com\/wp-content\/uploads\/2020\/06\/Texto-do-seu-paragrafo-1.png?fit=350%2C100&ssl=1","width":350,"height":100,"caption":"Apeltrys Advisors"},"image":{"@id":"https:\/\/apeltrys.com\/#\/schema\/logo\/image\/"}}]}},"jetpack_sharing_enabled":true,"_links":{"self":[{"href":"https:\/\/apeltrys.com\/index.php?rest_route=\/wp\/v2\/pages\/1347","targetHints":{"allow":["GET"]}}],"collection":[{"href":"https:\/\/apeltrys.com\/index.php?rest_route=\/wp\/v2\/pages"}],"about":[{"href":"https:\/\/apeltrys.com\/index.php?rest_route=\/wp\/v2\/types\/page"}],"author":[{"embeddable":true,"href":"https:\/\/apeltrys.com\/index.php?rest_route=\/wp\/v2\/users\/1"}],"replies":[{"embeddable":true,"href":"https:\/\/apeltrys.com\/index.php?rest_route=%2Fwp%2Fv2%2Fcomments&post=1347"}],"version-history":[{"count":12,"href":"https:\/\/apeltrys.com\/index.php?rest_route=\/wp\/v2\/pages\/1347\/revisions"}],"predecessor-version":[{"id":1532,"href":"https:\/\/apeltrys.com\/index.php?rest_route=\/wp\/v2\/pages\/1347\/revisions\/1532"}],"wp:attachment":[{"href":"https:\/\/apeltrys.com\/index.php?rest_route=%2Fwp%2Fv2%2Fmedia&parent=1347"}],"curies":[{"name":"wp","href":"https:\/\/api.w.org\/{rel}","templated":true}]}}